{"id":452,"date":"2021-03-02T13:54:31","date_gmt":"2021-03-02T11:54:31","guid":{"rendered":"https:\/\/villagriini.fi\/?post_type=product&#038;p=452"},"modified":"2025-04-22T15:24:57","modified_gmt":"2025-04-22T12:24:57","slug":"golfauto-yksittaiselle-kierrokselle","status":"publish","type":"product","link":"https:\/\/villagriini.fi\/en\/product\/golfauto-yksittaiselle-kierrokselle\/","title":{"rendered":"Golfauto yksitt\u00e4iselle kierrokselle"},"content":{"rendered":"","protected":false},"excerpt":{"rendered":"<p>Golfauton k\u00e4ytt\u00f6 p\u00e4iv\u00e4ksi. Villa Griinill\u00e4 on 2 akkuk\u00e4ytt\u00f6ist\u00e4 Yamahan golf-autoa.<\/p>\n","protected":false},"featured_media":491,"template":"","meta":{"rs_blank_template":"","rs_page_bg_color":"","slide_template_v7":""},"product_brand":[],"product_cat":[24,16],"product_tag":[],"class_list":{"0":"post-452","1":"product","2":"type-product","3":"status-publish","4":"has-post-thumbnail","6":"product_cat-golf","7":"product_cat-villagriini","9":"first","10":"instock","11":"virtual","12":"sold-individually","13":"taxable","14":"purchasable","15":"product-type-simple"},"_links":{"self":[{"href":"https:\/\/villagriini.fi\/en\/wp-json\/wp\/v2\/product\/452","targetHints":{"allow":["GET"]}}],"collection":[{"href":"https:\/\/villagriini.fi\/en\/wp-json\/wp\/v2\/product"}],"about":[{"href":"https:\/\/villagriini.fi\/en\/wp-json\/wp\/v2\/types\/product"}],"wp:featuredmedia":[{"embeddable":true,"href":"https:\/\/villagriini.fi\/en\/wp-json\/wp\/v2\/media\/491"}],"wp:attachment":[{"href":"https:\/\/villagriini.fi\/en\/wp-json\/wp\/v2\/media?parent=452"}],"wp:term":[{"taxonomy":"product_brand","embeddable":true,"href":"https:\/\/villagriini.fi\/en\/wp-json\/wp\/v2\/product_brand?post=452"},{"taxonomy":"product_cat","embeddable":true,"href":"https:\/\/villagriini.fi\/en\/wp-json\/wp\/v2\/product_cat?post=452"},{"taxonomy":"product_tag","embeddable":true,"href":"https:\/\/villagriini.fi\/en\/wp-json\/wp\/v2\/product_tag?post=452"}],"curies":[{"name":"wp","href":"https:\/\/api.w.org\/{rel}","templated":true}]}}