{"id":444,"date":"2021-03-02T12:47:40","date_gmt":"2021-03-02T10:47:40","guid":{"rendered":"https:\/\/villagriini.fi\/?post_type=product&#038;p=444"},"modified":"2025-04-22T15:27:25","modified_gmt":"2025-04-22T12:27:25","slug":"taysi-lahto-arkena-majoituksen-yhteydessa","status":"publish","type":"product","link":"https:\/\/villagriini.fi\/en\/product\/taysi-lahto-arkena-majoituksen-yhteydessa\/","title":{"rendered":"T\u00e4ysi l\u00e4ht\u00f6 arkena majoituksen yhteydess\u00e4"},"content":{"rendered":"","protected":false},"excerpt":{"rendered":"<p>High-season 240 euroa, muut ajat 220 euroa.<\/p>\n","protected":false},"featured_media":38,"template":"","meta":{"rs_blank_template":"","rs_page_bg_color":"","slide_template_v7":""},"product_brand":[],"product_cat":[24,16],"product_tag":[],"class_list":{"0":"post-444","1":"product","2":"type-product","3":"status-publish","4":"has-post-thumbnail","6":"product_cat-golf","7":"product_cat-villagriini","9":"first","10":"instock","11":"virtual","12":"sold-individually","13":"taxable","14":"purchasable","15":"product-type-simple"},"_links":{"self":[{"href":"https:\/\/villagriini.fi\/en\/wp-json\/wp\/v2\/product\/444","targetHints":{"allow":["GET"]}}],"collection":[{"href":"https:\/\/villagriini.fi\/en\/wp-json\/wp\/v2\/product"}],"about":[{"href":"https:\/\/villagriini.fi\/en\/wp-json\/wp\/v2\/types\/product"}],"wp:featuredmedia":[{"embeddable":true,"href":"https:\/\/villagriini.fi\/en\/wp-json\/wp\/v2\/media\/38"}],"wp:attachment":[{"href":"https:\/\/villagriini.fi\/en\/wp-json\/wp\/v2\/media?parent=444"}],"wp:term":[{"taxonomy":"product_brand","embeddable":true,"href":"https:\/\/villagriini.fi\/en\/wp-json\/wp\/v2\/product_brand?post=444"},{"taxonomy":"product_cat","embeddable":true,"href":"https:\/\/villagriini.fi\/en\/wp-json\/wp\/v2\/product_cat?post=444"},{"taxonomy":"product_tag","embeddable":true,"href":"https:\/\/villagriini.fi\/en\/wp-json\/wp\/v2\/product_tag?post=444"}],"curies":[{"name":"wp","href":"https:\/\/api.w.org\/{rel}","templated":true}]}}