{"id":993,"date":"2021-11-10T13:23:03","date_gmt":"2021-11-10T11:23:03","guid":{"rendered":"https:\/\/villagriini.fi\/?page_id=993"},"modified":"2021-11-11T08:16:55","modified_gmt":"2021-11-11T06:16:55","slug":"homepage","status":"publish","type":"page","link":"https:\/\/villagriini.fi\/en\/","title":{"rendered":"Villa Griini"},"content":{"rendered":"<div class=\"wpb-content-wrapper\">[vc_row][vc_column]\n\t\t\t\t<p class=\"rs-p-wp-fix\"><\/p>\n\t\t\t\t<sr7-module data-alias=\"etusivun-slider-EN\" data-id=\"2\" id=\"SR7_2_1\" data-version=\"7.0.5.1\">\n\t\t\t\t\t<sr7-adjuster><\/sr7-adjuster>\n\t\t\t\t\t<sr7-content>\n\t\t\t\t\t\t<sr7-slide id=\"SR7_2_1-7\" data-key=\"7\">\n\t\t\t\t\t\t\t<sr7-bg id=\"SR7_2_1-7-2\" class=\"sr7-layer\"><noscript><img decoding=\"async\" src=\"https:\/\/villagriini.fi\/wp-content\/uploads\/2021\/08\/dsc01391.jpg\" alt=\"\" title=\"Villa Griini\"><\/noscript><\/sr7-bg>\n\t\t\t\t\t\t\t<sr7-txt id=\"SR7_2_1-7-0\" class=\"sr7-layer\">Magnificent 180 m<sup style=\"font-size: 0.6em;\">2<\/sup> premises suitable for holiday and representation use<\/sr7-txt>\n\t\t\t\t\t\t\t<a id=\"SR7_2_1-7-1\" class=\"sr7-layer\" href=\"https:\/\/villagriini.fi\/en\/booking\" target=\"_self\" rel=\"nofollow\">BOOK HERE<\/a>\n\t\t\t\t\t\t<\/sr7-slide>\n\t\t\t\t\t\t<sr7-slide id=\"SR7_2_1-6\" data-key=\"6\">\n\t\t\t\t\t\t\t<sr7-bg id=\"SR7_2_1-6-2\" class=\"sr7-layer\"><noscript><img decoding=\"async\" src=\"https:\/\/villagriini.fi\/wp-content\/uploads\/2021\/07\/img_20210430_211225_179-scaled.jpg\" alt=\"poreamme\" title=\"img_20210430_211225_179\"><\/noscript><\/sr7-bg>\n\t\t\t\t\t\t\t<sr7-txt id=\"SR7_2_1-6-0\" class=\"sr7-layer\">Luxury villa on the shores of the lake Peurunka<\/sr7-txt>\n\t\t\t\t\t\t\t<a id=\"SR7_2_1-6-1\" class=\"sr7-layer\" href=\"https:\/\/villagriini.fi\/en\/booking\" target=\"_self\" rel=\"nofollow\">BOOK HERE<\/a>\n\t\t\t\t\t\t<\/sr7-slide>\n\t\t\t\t\t\t<sr7-slide id=\"SR7_2_1-8\" data-key=\"8\">\n\t\t\t\t\t\t\t<sr7-bg id=\"SR7_2_1-8-2\" class=\"sr7-layer\"><noscript><img decoding=\"async\" src=\"https:\/\/villagriini.fi\/wp-content\/uploads\/2021\/05\/7.jpg\" alt=\"Kokoustila\" title=\"7\"><\/noscript><\/sr7-bg>\n\t\t\t\t\t\t\t<sr7-txt id=\"SR7_2_1-8-0\" class=\"sr7-layer\">We take care of everything for you. Every wish is important for us.<\/sr7-txt>\n\t\t\t\t\t\t\t<a id=\"SR7_2_1-8-1\" class=\"sr7-layer\" href=\"https:\/\/villagriini.fi\/en\/booking\" target=\"_self\" rel=\"nofollow\">BOOK HERE<\/a>\n\t\t\t\t\t\t<\/sr7-slide>\n\t\t\t\t\t\t<sr7-slide id=\"SR7_2_1-9\" data-key=\"9\">\n\t\t\t\t\t\t\t<sr7-bg id=\"SR7_2_1-9-2\" class=\"sr7-layer\"><noscript><img decoding=\"async\" src=\"https:\/\/villagriini.fi\/wp-content\/uploads\/2021\/08\/dsc01395-hdr-1.jpg\" alt=\"P\u00e4\u00e4makuuhuone\" title=\"Makuuhuone\"><\/noscript><\/sr7-bg>\n\t\t\t\t\t\t\t<sr7-txt id=\"SR7_2_1-9-0\" class=\"sr7-layer\">High-quality equipment and impressive details guarantee your comfort<\/sr7-txt>\n\t\t\t\t\t\t\t<a id=\"SR7_2_1-9-1\" class=\"sr7-layer\" href=\"https:\/\/villagriini.fi\/en\/booking\" target=\"_self\" rel=\"nofollow\">BOOK HERE<\/a>\n\t\t\t\t\t\t<\/sr7-slide>\n\t\t\t\t\t\t<sr7-slide id=\"SR7_2_1-10\" data-key=\"10\">\n\t\t\t\t\t\t\t<sr7-bg id=\"SR7_2_1-10-2\" class=\"sr7-layer\"><noscript><img decoding=\"async\" src=\"https:\/\/villagriini.fi\/wp-content\/uploads\/2021\/05\/17.jpg\" alt=\"Parvisauna\" title=\"Parvisauna\"><\/noscript><\/sr7-bg>\n\t\t\t\t\t\t\t<sr7-txt id=\"SR7_2_1-10-0\" class=\"sr7-layer\">The loft sauna guarantees unique steams in stunning scenery<\/sr7-txt>\n\t\t\t\t\t\t\t<a id=\"SR7_2_1-10-1\" class=\"sr7-layer\" href=\"https:\/\/villagriini.fi\/en\/booking\" target=\"_self\" rel=\"nofollow\">BOOK HERE<\/a>\n\t\t\t\t\t\t<\/sr7-slide>\n\t\t\t\t\t\t<sr7-slide id=\"SR7_2_1-17\" data-key=\"17\">\n\t\t\t\t\t\t<\/sr7-slide>\n\t\t\t\t\t<\/sr7-content>\n\t\t\t\t\t<image_lists style=\"display:none\">\n\t\t\t\t\t\t<img data-src=\"\/\/villagriini.fi\/wp-content\/uploads\/2021\/07\/img_20210430_211225_179-scaled.jpg\" data-libid=\"721\" data-lib=\"medialibrary\" alt=\"poreamme\" title=\"img_20210430_211225_179\" width=\"0\" height=\"0\" data-dbsrc=\"Ly92aWxsYWdyaWluaS5maS93cC1jb250ZW50L3VwbG9hZHMvMjAyMS8wNy9pbWdfMjAyMTA0MzBfMjExMjI1XzE3OS1zY2FsZWQuanBn\"\/>\n\t\t\t\t\t\t<img data-src=\"\/\/villagriini.fi\/wp-content\/uploads\/2021\/08\/dsc01391.jpg\" data-libid=\"793\" data-lib=\"medialibrary\" title=\"Villa Griini\" width=\"0\" height=\"0\" data-dbsrc=\"Ly92aWxsYWdyaWluaS5maS93cC1jb250ZW50L3VwbG9hZHMvMjAyMS8wOC9kc2MwMTM5MS5qcGc=\"\/>\n\t\t\t\t\t\t<img data-src=\"\/\/villagriini.fi\/wp-content\/uploads\/2021\/05\/7.jpg\" data-libid=\"579\" data-lib=\"medialibrary\" alt=\"Kokoustila\" title=\"7\" width=\"0\" height=\"0\" data-dbsrc=\"Ly92aWxsYWdyaWluaS5maS93cC1jb250ZW50L3VwbG9hZHMvMjAyMS8wNS83LmpwZw==\"\/>\n\t\t\t\t\t\t<img data-src=\"\/\/villagriini.fi\/wp-content\/uploads\/2021\/08\/dsc01395-hdr-1.jpg\" data-libid=\"817\" data-lib=\"medialibrary\" alt=\"P\u00e4\u00e4makuuhuone\" title=\"Makuuhuone\" width=\"0\" height=\"0\" data-dbsrc=\"Ly92aWxsYWdyaWluaS5maS93cC1jb250ZW50L3VwbG9hZHMvMjAyMS8wOC9kc2MwMTM5NS1oZHItMS5qcGc=\"\/>\n\t\t\t\t\t\t<img data-src=\"\/\/villagriini.fi\/wp-content\/uploads\/2021\/05\/17.jpg\" data-libid=\"599\" data-lib=\"medialibrary\" alt=\"Parvisauna\" title=\"Parvisauna\" width=\"0\" height=\"0\" data-dbsrc=\"Ly92aWxsYWdyaWluaS5maS93cC1jb250ZW50L3VwbG9hZHMvMjAyMS8wNS8xNy5qcGc=\"\/>\n\t\t\t\t\t<\/image_lists>\n\t\t\t\t<\/sr7-module>\n\t\t\t\t<script>\n\t\t\t\t\twindow.SR7??={}; SR7.PMH ??={}; SR7.PMH[\"SR7_2_1\"] = {cn:100,state:false,fn: function() { if (window._tpt!==undefined && window._tpt.prepareModuleHeight !== undefined) {  _tpt.prepareModuleHeight({id:\"SR7_2_1\",el:[900,900,768,768,720],type:'standard',gh:[900,900,768,768,720],gw:[1240,1240,1024,1024,480],vpt:['-200px&#039;,&#039;-200px&#039;,&#039;-200px&#039;,&#039;-200px&#039;,&#039;-200px'],size:{fullWidth:true, fullHeight:false},mh:'0',onh:0,onw:0,bg:{color:'{\"orig\":\"transparent\",\"type\":\"solid\",\"string\":\"transparent\"}'},plType:'0',plColor:'#FFFFFF'});   SR7.PMH[\"SR7_2_1\"].state=true;} else if(SR7.PMH[\"SR7_2_1\"].cn-->0)\tsetTimeout( SR7.PMH[\"SR7_2_1\"].fn,19);}};SR7.PMH[\"SR7_2_1\" ].fn();\n\t\t\t\t<\/script>\n[\/vc_column][\/vc_row][vc_row][vc_column][mk_padding_divider size=&#8221;50&#8243;][vc_column_text css=&#8221;.vc_custom_1636542597378{margin-bottom: 0px !important;}&#8221;]\n<h1>VILLA GRIINI &#8211; Luxury rental villa in Laukaa, on the shores of Lake Peurunkaj\u00e4rvi<\/h1>\n[\/vc_column_text][mk_padding_divider][vc_column_text css=&#8221;.vc_custom_1636542648938{margin-bottom: 0px !important;}&#8221;]Villa Griini is a luxury villa completed in May 2021 on the shores of Lake Peurunkaj\u00e4rvi, right next to Laukaa Peurunkagolf. High-quality equipment on two floors and impressive details guarantee your comfort. The magnificent 180m2 premises suitable for holiday and representation use meet the wishes of even the most demanding guest, and the villa has accommodation for 12 + 2 people. The meeting rooms are located next to the kitchen and have the necessary equipment and connections.<\/p>\n<p>Through the glazed terrace, you can access the loft sauna, which offers magnificent views of the clear-water Peurunkaj\u00e4rvi. Adjacent to the sauna is a dressing room with accommodation on two floors for four people. A private beach is at your disposal. Two Yamaha golf carts are also available.<\/p>\n<p>Whether you are planning to organize a family party, bachelor party, work party, golf holiday, management team meeting or other event, the highest quality villa in Central Finland offers you the perfect place. The villa is made of logs and the heat is guaranteed by ecological geothermal heat.<br \/>\nWe always have high-quality domestic (Finnish) Unikulma bed linen in Unikulma&#8217;s luxurious beds and final cleaning is included in the price, so we guarantee your comfort and the perfect start to your holiday as soon as you enter the villa. The master bedrooms also have luxury Astro pillows.<\/p>\n<p>The villa offers a quality setting regardless of the season. We are happy to tailor the necessary additional services and even your small wish is important to us. You can find out more about our additional services here . Come and enjoy luxurious accommodation in beautiful Central Finland.<br \/>\nPets are not allowed and smoking is prohibited indoors and in the hot tub. By paying for the booking, you agree to abide by the terms and conditions of the rental.[\/vc_column_text][mk_padding_divider][\/vc_column][\/vc_row][mk_page_section bg_image=&#8221;https:\/\/villagriini.fi\/wp-content\/uploads\/2021\/08\/dji_0922.jpg&#8221; bg_position=&#8221;center center&#8221; bg_repeat=&#8221;no-repeat&#8221; bg_stretch=&#8221;true&#8221; enable_3d=&#8221;true&#8221; video_color_mask=&#8221;#303030&#8243; min_height=&#8221;498&#8243; full_width=&#8221;true&#8221; js_vertical_centered=&#8221;true&#8221; padding_top=&#8221;50&#8243; padding_bottom=&#8221;50&#8243; sidebar=&#8221;sidebar-1&#8243;][vc_column][vc_row_inner][vc_column_inner][mk_fancy_title color=&#8221;#ffffff&#8221; size=&#8221;42&#8243; font_weight=&#8221;300&#8243; txt_transform=&#8221;none&#8221; font_family=&#8221;none&#8221; align=&#8221;center&#8221;]Space on two floors[\/mk_fancy_title][vc_column_text el_class=&#8221;valkoinen&#8221; css=&#8221;.vc_custom_1636542704972{margin-bottom: 0px !important;}&#8221;]\n<p style=\"text-align: center;\">Our villa offers you a touch of Finnishness through both magnificent landscapes and natural peace.<\/p>\n<p style=\"text-align: center;\">We value Finnish work and domesticity is one of our most important values in our operations.<\/p>\n<p style=\"text-align: center;\">Our villa has been built in cooperation with Finnish partners:<br \/>\nK-RAUTA SEPP\u00c4L\u00c4, HONKATALOT, SIISTIKSI.FI, GYPROC, WEBER, GIGANTTI JYV\u00c4SKYL\u00c4, L\u00c4MP\u00d6YKK\u00d6NEN, MR. CONSTRUCTION, ADVERTISING AGENCY M1, NIXI KITCHENS, M-LIGHT, INNOFLOOR, PUKKILA<\/p>\n[\/vc_column_text][\/vc_column_inner][\/vc_row_inner][vc_row_inner][vc_column_inner width=&#8221;1\/6&#8243;][\/vc_column_inner][vc_column_inner width=&#8221;2\/6&#8243;][vc_column_text el_class=&#8221;valkoinen&#8221; css=&#8221;.vc_custom_1636542784373{margin-bottom: 0px !important;}&#8221;]\n<ul>\n<li style=\"text-align: left;\">Space on two floors on both of the buildings<\/li>\n<li style=\"text-align: left;\">Accommodation for 12 + 2 people<\/li>\n<li style=\"text-align: left;\">Full kitchen equipment<\/li>\n<li style=\"text-align: left;\">Unikulma high quality Finnish beds<\/li>\n<li style=\"text-align: left;\">Meeting facilities downstairs (75 \u2033 TV screen)<\/li>\n<li style=\"text-align: left;\">Music system (Harman \/ Kardon Citation)<\/li>\n<li style=\"text-align: left;\">Loft sauna for 10-12 people<\/li>\n<li style=\"text-align: left;\">Gas grill<\/li>\n<li>Outdoor hot tub<\/li>\n<li>2 Yamaha golf carts<\/li>\n<li style=\"text-align: left;\">Rowing boat<\/li>\n<\/ul>\n[\/vc_column_text][\/vc_column_inner][vc_column_inner width=&#8221;2\/6&#8243;][vc_column_text el_class=&#8221;valkoinen&#8221; css=&#8221;.vc_custom_1636542864863{margin-bottom: 0px !important;}&#8221;]\n<ul>\n<li>Terrace space on two floors totaling 125 m2, of which 40 m2 glazed<\/li>\n<li>The highest quality golf course in Central Finland in the immediate vicinity (20 meters to the green of the 5th fairway, 1.5 km to the clubhouse)<\/li>\n<li>Five refrigerators guarantee the coolness of even a large amount of drinks (in the dressing room of the sauna there is a drinking cupboard, in the kitchen two refrigerators and one fridge-freezer plus wine cabinet<\/li>\n<li>Drying cabinet for clothes<\/li>\n<li>Peurunka Spa 6.1 km<\/li>\n<li>Impressive Finnish wood element on the roofs<\/li>\n<li>Plenty of parking space in the yard<\/li>\n<li>Terrace heater<\/li>\n<\/ul>\n[\/vc_column_text][\/vc_column_inner][vc_column_inner width=&#8221;1\/6&#8243;][\/vc_column_inner][\/vc_row_inner][vc_row_inner][vc_column_inner][mk_padding_divider][mk_button dimension=&#8221;flat&#8221; corner_style=&#8221;rounded&#8221; size=&#8221;large&#8221; url=&#8221;\/en\/equipment&#8221; align=&#8221;center&#8221;]See full equipment list and floors[\/mk_button][mk_padding_divider][\/vc_column_inner][\/vc_row_inner][\/vc_column][\/mk_page_section][vc_row fullwidth=&#8221;true&#8221; equal_columns=&#8221;true&#8221; attached=&#8221;true&#8221; css=&#8221;.vc_custom_1603180677776{background-color: #eff1f4 !important;}&#8221;][vc_column width=&#8221;3\/5&#8243;][mk_gallery images=&#8221;610&#8243; column=&#8221;1&#8243; image_size=&#8221;full&#8221; hover_scenarios=&#8221;slow_zoom&#8221; item_spacing=&#8221;0&#8243; margin_bottom=&#8221;0&#8243;][\/vc_column][vc_column width=&#8221;2\/5&#8243; css=&#8221;.vc_custom_1603180891159{padding-top: 80px !important;padding-right: 80px !important;padding-bottom: 80px !important;padding-left: 80px !important;}&#8221;][vc_column_text css=&#8221;.vc_custom_1636542968145{margin-bottom: 0px !important;}&#8221;]\n<h2>Kitchen<\/h2>\n<ul>\n<li>Tableware and wine glasses for 14 people\u2022 2 refrigerators and 1 fridge freezer<\/li>\n<li>75 \u201dsmart TV<\/li>\n<li>Microwave<\/li>\n<li>Cooker hood<\/li>\n<li>Induction level<\/li>\n<li>Separate oven<\/li>\n<li>Coffee machine<\/li>\n<li>Kettle<\/li>\n<li>Toaster<\/li>\n<li>2 dishwashers<\/li>\n<li>Electric mixer<\/li>\n<li>Dining table for 14 people, which serves as a meeting table<\/li>\n<\/ul>\n[\/vc_column_text][\/vc_column][\/vc_row][vc_row fullwidth=&#8221;true&#8221; equal_columns=&#8221;true&#8221; attached=&#8221;true&#8221; css=&#8221;.vc_custom_1603180677776{background-color: #eff1f4 !important;}&#8221;][vc_column width=&#8221;3\/5&#8243; el_class=&#8221;vc_col-sm-push-6&#8243;][mk_gallery images=&#8221;581&#8243; column=&#8221;1&#8243; image_size=&#8221;full&#8221; hover_scenarios=&#8221;slow_zoom&#8221; item_spacing=&#8221;0&#8243; margin_bottom=&#8221;0&#8243;][\/vc_column][vc_column width=&#8221;2\/5&#8243; css=&#8221;.vc_custom_1603182519012{padding-top: 80px !important;padding-right: 80px !important;padding-bottom: 80px !important;padding-left: 80px !important;}&#8221; el_class=&#8221;vc_col-sm-pull-6&#8243;][vc_column_text css=&#8221;.vc_custom_1636543024055{margin-bottom: 0px !important;}&#8221;]\n<h2>Lounge<\/h2>\n<ul>\n<li>Leather sofa for 3 persons<\/li>\n<li>Comfortable armchairs<\/li>\n<li>Meeting supplies<\/li>\n<li>Camera enabled for remote connections<\/li>\n<\/ul>\n<h2>Bathroom<\/h2>\n<ul>\n<li>Shower<\/li>\n<li>Toilet<\/li>\n<li>Drying cabinet<\/li>\n<li>Drying machine<\/li>\n<\/ul>\n[\/vc_column_text][\/vc_column][\/vc_row][vc_row fullwidth=&#8221;true&#8221; equal_columns=&#8221;true&#8221; attached=&#8221;true&#8221; css=&#8221;.vc_custom_1603180677776{background-color: #eff1f4 !important;}&#8221;][vc_column width=&#8221;3\/5&#8243;][mk_gallery images=&#8221;817&#8243; column=&#8221;1&#8243; image_size=&#8221;full&#8221; hover_scenarios=&#8221;slow_zoom&#8221; item_spacing=&#8221;0&#8243; margin_bottom=&#8221;0&#8243;][\/vc_column][vc_column width=&#8221;2\/5&#8243; css=&#8221;.vc_custom_1603180905138{padding-top: 80px !important;padding-right: 80px !important;padding-bottom: 80px !important;padding-left: 80px !important;}&#8221;][vc_column_text css=&#8221;.vc_custom_1636543056670{margin-bottom: 0px !important;}&#8221;]\n<h2>Master Bedroom (Ground Floor)<\/h2>\n<ul>\n<li>2 x 90 cm Unikulma Finnish beds<\/li>\n<li>High-quality Finnish Unikulma bedding<\/li>\n<li>Storage space<\/li>\n<li>Mood lighting<\/li>\n<\/ul>\n<h2>Upstairs<\/h2>\n<ul>\n<li>4 x bedroom, each with 2 x 90 cm Unikulma beds<\/li>\n<li>Toilet<\/li>\n<li>Terrace with sun loungers<\/li>\n<\/ul>\n[\/vc_column_text][\/vc_column][\/vc_row][vc_row fullwidth=&#8221;true&#8221; equal_columns=&#8221;true&#8221; attached=&#8221;true&#8221; css=&#8221;.vc_custom_1603180677776{background-color: #eff1f4 !important;}&#8221;][vc_column width=&#8221;3\/5&#8243; el_class=&#8221;vc_col-sm-push-6&#8243;][mk_gallery images=&#8221;599&#8243; column=&#8221;1&#8243; image_size=&#8221;full&#8221; hover_scenarios=&#8221;slow_zoom&#8221; item_spacing=&#8221;0&#8243; margin_bottom=&#8221;0&#8243;][\/vc_column][vc_column width=&#8221;2\/5&#8243; css=&#8221;.vc_custom_1603182602524{padding-top: 80px !important;padding-right: 80px !important;padding-bottom: 80px !important;padding-left: 80px !important;}&#8221; offset=&#8221;vc_col-sm-offset-0&#8243; el_class=&#8221;vc_col-sm-pull-6&#8243;][vc_column_text css=&#8221;.vc_custom_1636543104375{margin-bottom: 0px !important;}&#8221;]\n<h2>Loft sauna and laundry room<\/h2>\n<ul>\n<li>Loft sauna for 10 people<\/li>\n<li>2 x shower<\/li>\n<li>Unique views from the high sauna<\/li>\n<\/ul>\n<h2>Sauna room<\/h2>\n<ul>\n<li>Folding sofa bed<\/li>\n<li>Toilet<\/li>\n<li>Fridge<\/li>\n<li>Loft with 2 x 90 cm beds<\/li>\n<\/ul>\n<h2>Terrace<\/h2>\n<ul>\n<li>Glazed terrace 40m2<\/li>\n<li>Terrace heater<\/li>\n<li>Jacuzzi for 6 people<\/li>\n<li>Gas grill<\/li>\n<\/ul>\n[\/vc_column_text][\/vc_column][\/vc_row][mk_page_section bg_image=&#8221;https:\/\/villagriini.fi\/wp-content\/uploads\/2020\/10\/etusivu_herotausta_3.jpg&#8221; bg_position=&#8221;center center&#8221; bg_repeat=&#8221;no-repeat&#8221; bg_stretch=&#8221;true&#8221; enable_3d=&#8221;true&#8221; min_height=&#8221;498&#8243; full_width=&#8221;true&#8221; js_vertical_centered=&#8221;true&#8221; padding_top=&#8221;50&#8243; padding_bottom=&#8221;50&#8243; sidebar=&#8221;sidebar-1&#8243;][vc_column width=&#8221;1\/6&#8243;][\/vc_column][vc_column width=&#8221;2\/6&#8243; css=&#8221;.vc_custom_1603181234350{background-color: rgba(0,0,0,0.74) !important;*background-color: rgb(0,0,0) !important;}&#8221;][mk_padding_divider][vc_column_text el_class=&#8221;valkoinen&#8221; css=&#8221;.vc_custom_1636543221298{margin-bottom: 0px !important;}&#8221;]\n<h2>Additional services<\/h2>\n<ul>\n<li>GOLF<\/li>\n<li>COOK FOR THE VILLA<br \/>\nthree- to four-course dinner made on site<\/li>\n<li>READY FOOD DELIVERED TO THE REFRIGERATOR<\/li>\n<li>SHOPPING BAG:<br \/>\nBreakfast bag made of good ingredients<\/li>\n<li>TRANSPORTATION SERVICE<br \/>\nJyv\u00e4skyl\u00e4-Villa, helicopter Helsinki-Villa, minibus Helsinki-Villa<\/li>\n<li>ACTIVITIES TO ORDER<br \/>\nwater jet, massage, business coaching, fishing<\/li>\n<\/ul>\n[\/vc_column_text][mk_button dimension=&#8221;flat&#8221; corner_style=&#8221;rounded&#8221; size=&#8221;large&#8221; url=&#8221;\/en\/pricing&#8221; align=&#8221;center&#8221;]Detailed information about additional services[\/mk_button][mk_padding_divider][\/vc_column][vc_column width=&#8221;2\/6&#8243; offset=&#8221;vc_hidden-sm vc_hidden-xs&#8221;][\/vc_column][vc_column width=&#8221;1\/6&#8243;][\/vc_column][\/mk_page_section][mk_page_section bg_position=&#8221;center center&#8221; bg_repeat=&#8221;no-repeat&#8221; bg_stretch=&#8221;true&#8221; enable_3d=&#8221;true&#8221; min_height=&#8221;498&#8243; full_width=&#8221;true&#8221; js_vertical_centered=&#8221;true&#8221; padding_top=&#8221;0&#8243; padding_bottom=&#8221;0&#8243; sidebar=&#8221;sidebar-1&#8243;][vc_column width=&#8221;1\/6&#8243;][\/vc_column][vc_column width=&#8221;2\/6&#8243;][mk_padding_divider][vc_column_text css=&#8221;.vc_custom_1636543376730{margin-bottom: 0px !important;}&#8221;]\n<h2>Location<\/h2>\n<p>Villa Griini is located on the shores of Lake Peurunkaj\u00e4rvi, right on the side of Laukaa Peurunkagolf. Arrival: Coming from Laukaa, drive along Valkolantie past the golf course parking lot for about 1.1 km, after which you turn right onto Parkonniementie. The villa is located at the end of the road.<\/p>\n<p>Address: Parkonniementie 31. Google Maps can be found under the name Villa Griini.<\/p>\n<p>DISTANCES<\/p>\n<ul>\n<li>Golf 1.5 km (Laukaan Peurunkagolf)<\/li>\n<li>Spa 6.1 km (Peurunka)<\/li>\n<li>Frisbee Golf Course 6.1 km (Peurunka)<\/li>\n<li>Shop 6.7 km (City center of Laukaa)<\/li>\n<li>Alko 6.7 km (City center of Laukaa)<\/li>\n<li>Jyv\u00e4skyl\u00e4 railway station 30 km<\/li>\n<\/ul>\n[\/vc_column_text][mk_padding_divider][\/vc_column][vc_column visibility=&#8221;hidden-sm&#8221; width=&#8221;3\/6&#8243;][vc_raw_html]JTNDaWZyYW1lJTIwc3JjJTNEJTIyaHR0cHMlM0ElMkYlMkZ3d3cuZ29vZ2xlLmNvbSUyRm1hcHMlMkZlbWJlZCUzRnBiJTNEJTIxMW0xOCUyMTFtMTIlMjExbTMlMjExZDIxMjUwLjgxOTg3MTQ4NTE5JTIxMmQyNS44NzIxOTEwNjA0OTY0NyUyMTNkNjIuNDM5MDUxMDMyNDU0MjQ1JTIxMm0zJTIxMWYwJTIxMmYwJTIxM2YwJTIxM20yJTIxMWkxMDI0JTIxMmk3NjglMjE0ZjEzLjElMjEzbTMlMjExbTIlMjExczB4NDY4NTA5OGUwNWJkY2ZkZiUyNTNBMHg0NzgyNGI3MTI5YzRiY2JiJTIxMnNWaWxsYSUyNTIwR3JpaW5pJTIxNWUwJTIxM20yJTIxMXNmaSUyMTJzZmklMjE0djE2MDMxODE3OTAzNzQlMjE1bTIlMjExc2ZpJTIxMnNmaSUyMiUyMHdpZHRoJTNEJTIyODUwJTIyJTIwaGVpZ2h0JTNEJTIyODUwJTIyJTIwZnJhbWVib3JkZXIlM0QlMjIwJTIyJTIwc3R5bGUlM0QlMjJib3JkZXIlM0EwJTNCJTIyJTIwYWxsb3dmdWxsc2NyZWVuJTNEJTIyJTIyJTIwYXJpYS1oaWRkZW4lM0QlMjJmYWxzZSUyMiUyMHRhYmluZGV4JTNEJTIyMCUyMiUzRSUzQyUyRmlmcmFtZSUzRQ==[\/vc_raw_html][\/vc_column][\/mk_page_section][mk_page_section bg_position=&#8221;center center&#8221; bg_repeat=&#8221;no-repeat&#8221; bg_stretch=&#8221;true&#8221; enable_3d=&#8221;true&#8221; min_height=&#8221;498&#8243; full_width=&#8221;true&#8221; js_vertical_centered=&#8221;true&#8221; padding_top=&#8221;0&#8243; padding_bottom=&#8221;0&#8243; visibility=&#8221;visible-sm&#8221; sidebar=&#8221;sidebar-1&#8243;][vc_column][vc_raw_html]JTNDaWZyYW1lJTIwc3JjJTNEJTIyaHR0cHMlM0ElMkYlMkZ3d3cuZ29vZ2xlLmNvbSUyRm1hcHMlMkZlbWJlZCUzRnBiJTNEJTIxMW0xOCUyMTFtMTIlMjExbTMlMjExZDIxMjUwLjgxOTg3MTQ4NTE5JTIxMmQyNS44NzIxOTEwNjA0OTY0NyUyMTNkNjIuNDM5MDUxMDMyNDU0MjQ1JTIxMm0zJTIxMWYwJTIxMmYwJTIxM2YwJTIxM20yJTIxMWkxMDI0JTIxMmk3NjglMjE0ZjEzLjElMjEzbTMlMjExbTIlMjExczB4NDY4NTA5OGUwNWJkY2ZkZiUyNTNBMHg0NzgyNGI3MTI5YzRiY2JiJTIxMnNWaWxsYSUyNTIwR3JpaW5pJTIxNWUwJTIxM20yJTIxMXNmaSUyMTJzZmklMjE0djE2MDMxODE3OTAzNzQlMjE1bTIlMjExc2ZpJTIxMnNmaSUyMiUyMHdpZHRoJTNEJTIyNDUwJTIyJTIwaGVpZ2h0JTNEJTIyNDUwJTIyJTIwZnJhbWVib3JkZXIlM0QlMjIwJTIyJTIwc3R5bGUlM0QlMjJib3JkZXIlM0EwJTNCJTIyJTIwYWxsb3dmdWxsc2NyZWVuJTNEJTIyJTIyJTIwYXJpYS1oaWRkZW4lM0QlMjJmYWxzZSUyMiUyMHRhYmluZGV4JTNEJTIyMCUyMiUzRSUzQyUyRmlmcmFtZSUzRQ==[\/vc_raw_html][\/vc_column][\/mk_page_section]\n<\/div>","protected":false},"excerpt":{"rendered":"<p>[vc_row][vc_column][\/vc_column][\/vc_row][vc_row][vc_column][mk_padding_divider size=&#8221;50&#8243;][vc_column_text css=&#8221;.vc_custom_1636542597378{margin-bottom: 0px !important;}&#8221;] VILLA GRIINI &#8211; Luxury rental villa in Laukaa, on the shores of Lake Peurunkaj\u00e4rvi [\/vc_column_text][mk_padding_divider][vc_column_text css=&#8221;.vc_custom_1636542648938{margin-bottom: 0px !important;}&#8221;]Villa Griini is a luxury villa completed in May 2021 on the shores of Lake Peurunkaj\u00e4rvi, right next to Laukaa Peurunkagolf. High-quality equipment on two floors and impressive details guarantee your comfort. The [&hellip;]<\/p>\n","protected":false},"author":1,"featured_media":0,"parent":0,"menu_order":0,"comment_status":"closed","ping_status":"closed","template":"","meta":{"rs_blank_template":"","rs_page_bg_color":"","slide_template_v7":"","footnotes":""},"class_list":["post-993","page","type-page","status-publish","hentry"],"_links":{"self":[{"href":"https:\/\/villagriini.fi\/en\/wp-json\/wp\/v2\/pages\/993","targetHints":{"allow":["GET"]}}],"collection":[{"href":"https:\/\/villagriini.fi\/en\/wp-json\/wp\/v2\/pages"}],"about":[{"href":"https:\/\/villagriini.fi\/en\/wp-json\/wp\/v2\/types\/page"}],"author":[{"embeddable":true,"href":"https:\/\/villagriini.fi\/en\/wp-json\/wp\/v2\/users\/1"}],"replies":[{"embeddable":true,"href":"https:\/\/villagriini.fi\/en\/wp-json\/wp\/v2\/comments?post=993"}],"version-history":[{"count":6,"href":"https:\/\/villagriini.fi\/en\/wp-json\/wp\/v2\/pages\/993\/revisions"}],"predecessor-version":[{"id":1123,"href":"https:\/\/villagriini.fi\/en\/wp-json\/wp\/v2\/pages\/993\/revisions\/1123"}],"wp:attachment":[{"href":"https:\/\/villagriini.fi\/en\/wp-json\/wp\/v2\/media?parent=993"}],"curies":[{"name":"wp","href":"https:\/\/api.w.org\/{rel}","templated":true}]}}