{"id":1000,"date":"2021-11-10T14:15:42","date_gmt":"2021-11-10T12:15:42","guid":{"rendered":"https:\/\/villagriini.fi\/?page_id=1000"},"modified":"2021-12-20T08:00:28","modified_gmt":"2021-12-20T06:00:28","slug":"pricing","status":"publish","type":"page","link":"https:\/\/villagriini.fi\/en\/pricing\/","title":{"rendered":"Pricing"},"content":{"rendered":"<div class=\"wpb-content-wrapper\">[vc_row fullwidth=&#8221;true&#8221; parallax=&#8221;content-moving&#8221; parallax_image=&#8221;795&#8243;][vc_column][mk_padding_divider size=&#8221;350&#8243;][\/vc_column][\/vc_row][vc_row][vc_column][mk_padding_divider size=&#8221;50&#8243;][vc_column_text css=&#8221;.vc_custom_1639979627056{margin-bottom: 0px !important;}&#8221;]\n<h1>ACCOMODATION PRICE LIST<\/h1>\n[\/vc_column_text][mk_padding_divider][\/vc_column][\/vc_row][vc_row][vc_column width=&#8221;2\/3&#8243;][vc_column_text css=&#8221;.vc_custom_1639979685651{margin-bottom: 0px !important;}&#8221;]\n<ul>\n<li>Weekday accommodation: 1000 \u20ac \/ night, extra nights on weekdays 500 \u20ac<\/li>\n<li>Weekend: 1,900 \u20ac (Fri-Sun)<\/li>\n<li>Week: 3,600 \u20ac<\/li>\n<li>Jacuzzi: 240 \u20ac<\/li>\n<li>High season weeks: Christmas, New Year, autumn and winter holidays \u20ac 5,500.<\/li>\n<\/ul>\n<p><strong>Special weekends available:<\/strong><br \/>\nIf you want to book one of these or the whole week, send a message to info@villagriini.fi or call +358443559554.<\/p>\n<p>Special reservations always include a hot tub. For regular bookings an additional price of 240 \u20ac will be added on booking.<\/p>\n<p>Prices include normal final cleaning, bed linen, towels as well as a welcome gift. Prices for additional services can be found below. You can also use the booking page to add additional services to your booking. All prices includes VAT.<\/p>\n<p>Check-in at 16:00 and check-out at 12:00.[\/vc_column_text][mk_padding_divider size=&#8221;50&#8243;][vc_column_text css=&#8221;.vc_custom_1639979699750{margin-bottom: 0px !important;}&#8221;]\n<h1>PRICE LIST FOR ADDITIONAL SERVICES<\/h1>\n[\/vc_column_text][mk_padding_divider][vc_column_text css=&#8221;.vc_custom_1639979809382{margin-bottom: 0px !important;}&#8221;]\n<h4>GOLF CARS 40 \u20ac \/ TOUR. UNDER MAINTENANCE.<\/h4>\n<h4>PRIVATE CHEF<\/h4>\n<p>Three- to four-course dinner on site.<\/p>\n<p>3-4 course dinner for up to 10 people. When booking, please add a date and time request.<\/p>\n<p>Price 1100 \u20ac, including 14% VAT. Additional persons 100 \u20ac \/ pc.<\/p>\n<h4>CATERING<\/h4>\n<p>Finished meals (salads, main course and a little sweet). Two different options, the so-called pub \/ burger and higher quality.<\/p>\n<p>Pricing 39\/55 \u20ac \/ person, including VAT 14%.<\/p>\n<h4>FOOD BAG DELIVERED TO THE REFRIGERATOR<\/h4>\n<p>Jyv\u00e4skyl\u00e4-based H-Lihapalvelut&#8217;s carefully selected meats and other ingredients for dinner. Includes cooking instructions.<\/p>\n<p>Price 29 \u20ac \/ person, VAT 14%.<\/p>\n<h4>BREAKFAST BAG<\/h4>\n<p>Breakfast bag made of good ingredients.<\/p>\n<p>Price 10 \u20ac \/ person, VAT 14%.<\/p>\n<h4>JACUZZI<\/h4>\n<p>For the entire booking:<\/p>\n<p>Price 240 \u20ac<\/p>\n<h4>SEA-DOO GTI FOR THE DAY (COMING IN 2022)<\/h4>\n<p>Price 400 \u20ac (incl. Petrol)<\/p>\n<h4>TRANSPORT SERVICE<\/h4>\n<p>From the center of Jyv\u00e4skyl\u00e4 &#8211; Villa Griini &#8211; The center of Jyv\u00e4skyl\u00e4. Minibus for 16\/19 people<\/p>\n<p>Price 200 \u20ac, including 10% VAT.<\/p>\n<h4>HELICOPTER TRANSPORT<\/h4>\n<p>Price examples:<\/p>\n<p>Malmi \u2013 Laukaa (Bell 206 LongRanger) 4 people: 5455 \u20ac, incl. VAT. 10%<\/p>\n<p>Malmi \u2013 Laukaa (Robinson R66) 3 people: 4565 \u20ac, incl. VAT. 10%<\/p>\n<p>Ask more about helicopter flights: info@villagriini.fi or +358 44 355 9554 (Matti Paananen)<\/p>\n<h4>ADDITIONAL SERVICES AVAILABLE<\/h4>\n<p>Ask more about the services at info@villagriini.fi or +358 44 355 9554 (Matti Paananen).<\/p>\n<p>These additional services are priced on a case-by-case basis. We will fulfill all your wishes to achieve an experiential holiday<\/p>\n<ul>\n<li>golf greenfees<\/li>\n<li>business coaching<\/li>\n<li>massage<\/li>\n<li>experiences<\/li>\n<li>program services<\/li>\n<li>meeting supplies<\/li>\n<li>hairdressing services<\/li>\n<\/ul>\n[\/vc_column_text][mk_padding_divider][mk_button dimension=&#8221;flat&#8221; corner_style=&#8221;rounded&#8221; size=&#8221;large&#8221; url=&#8221;https:\/\/villagriini.fi\/en\/booking\/&#8221; align=&#8221;center&#8221;]Book here[\/mk_button][\/vc_column][vc_column width=&#8221;1\/3&#8243;][vc_column_text css=&#8221;.vc_custom_1630307964409{margin-bottom: 0px !important;}&#8221;]<img loading=\"lazy\" decoding=\"async\" class=\"alignnone size-full wp-image-799\" src=\"https:\/\/villagriini.fi\/wp-content\/uploads\/2021\/08\/dsc01408-hdr-e1630307952776.jpg\" alt=\"\" width=\"599\" height=\"599\" srcset=\"https:\/\/villagriini.fi\/wp-content\/uploads\/2021\/08\/dsc01408-hdr-e1630307952776.jpg 599w, https:\/\/villagriini.fi\/wp-content\/uploads\/2021\/08\/dsc01408-hdr-e1630307952776-150x150.jpg 150w, https:\/\/villagriini.fi\/wp-content\/uploads\/2021\/08\/dsc01408-hdr-e1630307952776-1024x1024.jpg 1024w, https:\/\/villagriini.fi\/wp-content\/uploads\/2021\/08\/dsc01408-hdr-e1630307952776-300x300.jpg 300w\" sizes=\"auto, (max-width: 599px) 100vw, 599px\" \/>[\/vc_column_text][mk_button dimension=&#8221;flat&#8221; corner_style=&#8221;rounded&#8221; size=&#8221;large&#8221; url=&#8221;https:\/\/villagriini.fi\/en\/booking\/&#8221; align=&#8221;center&#8221;]BOOK HERE[\/mk_button][vc_column_text css=&#8221;.vc_custom_1604641663399{margin-bottom: 0px !important;}&#8221;]<img loading=\"lazy\" decoding=\"async\" class=\"size-full wp-image-227 aligncenter\" src=\"https:\/\/villagriini.fi\/wp-content\/uploads\/2020\/11\/feature-02.jpg\" alt=\"\" width=\"600\" height=\"600\" \/>[\/vc_column_text][vc_column_text css=&#8221;.vc_custom_1604641693424{margin-bottom: 0px !important;}&#8221;]<img loading=\"lazy\" decoding=\"async\" class=\"size-full wp-image-227 aligncenter\" src=\"https:\/\/villagriini.fi\/wp-content\/uploads\/2020\/11\/feature-03.jpg\" alt=\"\" width=\"600\" height=\"600\" \/>[\/vc_column_text][\/vc_column][\/vc_row][vc_row][vc_column][mk_padding_divider][\/vc_column][\/vc_row]\n<\/div>","protected":false},"excerpt":{"rendered":"<p>[vc_row fullwidth=&#8221;true&#8221; parallax=&#8221;content-moving&#8221; parallax_image=&#8221;795&#8243;][vc_column][mk_padding_divider size=&#8221;350&#8243;][\/vc_column][\/vc_row][vc_row][vc_column][mk_padding_divider size=&#8221;50&#8243;][vc_column_text css=&#8221;.vc_custom_1639979627056{margin-bottom: 0px !important;}&#8221;] ACCOMODATION PRICE LIST [\/vc_column_text][mk_padding_divider][\/vc_column][\/vc_row][vc_row][vc_column width=&#8221;2\/3&#8243;][vc_column_text css=&#8221;.vc_custom_1639979685651{margin-bottom: 0px !important;}&#8221;] Weekday accommodation: 1000 \u20ac \/ night, extra nights on weekdays 500 \u20ac Weekend: 1,900 \u20ac (Fri-Sun) Week: 3,600 \u20ac Jacuzzi: 240 \u20ac High season weeks: Christmas, New Year, autumn and winter holidays \u20ac 5,500. Special weekends available: If [&hellip;]<\/p>\n","protected":false},"author":1,"featured_media":0,"parent":0,"menu_order":0,"comment_status":"closed","ping_status":"closed","template":"","meta":{"rs_blank_template":"","rs_page_bg_color":"","slide_template_v7":"","footnotes":""},"class_list":["post-1000","page","type-page","status-publish","hentry"],"_links":{"self":[{"href":"https:\/\/villagriini.fi\/en\/wp-json\/wp\/v2\/pages\/1000","targetHints":{"allow":["GET"]}}],"collection":[{"href":"https:\/\/villagriini.fi\/en\/wp-json\/wp\/v2\/pages"}],"about":[{"href":"https:\/\/villagriini.fi\/en\/wp-json\/wp\/v2\/types\/page"}],"author":[{"embeddable":true,"href":"https:\/\/villagriini.fi\/en\/wp-json\/wp\/v2\/users\/1"}],"replies":[{"embeddable":true,"href":"https:\/\/villagriini.fi\/en\/wp-json\/wp\/v2\/comments?post=1000"}],"version-history":[{"count":5,"href":"https:\/\/villagriini.fi\/en\/wp-json\/wp\/v2\/pages\/1000\/revisions"}],"predecessor-version":[{"id":1207,"href":"https:\/\/villagriini.fi\/en\/wp-json\/wp\/v2\/pages\/1000\/revisions\/1207"}],"wp:attachment":[{"href":"https:\/\/villagriini.fi\/en\/wp-json\/wp\/v2\/media?parent=1000"}],"curies":[{"name":"wp","href":"https:\/\/api.w.org\/{rel}","templated":true}]}}